{"id":30,"date":"2019-05-30T10:56:48","date_gmt":"2019-05-30T10:56:48","guid":{"rendered":"http:\/\/moserbau.de\/?page_id=30"},"modified":"2019-08-26T19:15:27","modified_gmt":"2019-08-26T19:15:27","slug":"leistungen","status":"publish","type":"page","link":"http:\/\/moserbau.de\/?page_id=30","title":{"rendered":"Leistungen"},"content":{"rendered":"<h3><img loading=\"lazy\" decoding=\"async\" class=\"size-full wp-image-212 alignleft\" src=\"http:\/\/moserbau.de\/wp-content\/uploads\/2019\/05\/bricks-01.png\" alt=\"\" width=\"70\" height=\"70\">Rohbau<\/h3>\n<p>Ein- &amp; Mehrfamilienh\u00e4user, Garagen oder auch andere Bauprojekte f\u00fchren wir nach Ihren individuellen W\u00fcnschen und Bed\u00fcrfnissen durch.<\/p>\n<p>&nbsp;<\/p>\n<h3><img loading=\"lazy\" decoding=\"async\" class=\"alignleft wp-image-211\" src=\"http:\/\/moserbau.de\/wp-content\/uploads\/2019\/05\/schub-01.png\" alt=\"\" width=\"70\" height=\"70\">Umbau &amp; Sanierung<\/h3>\n<p>Wir erledigen f\u00fcr Sie kleinere Sch\u00f6nheitsreparaturen, Umbauma\u00dfnahmen bis hin zu kompletten Sanierung. Wir renovieren und sanieren verl\u00e4sslich und innovativ.<\/p>\n<p>&nbsp;<\/p>\n<h3><img loading=\"lazy\" decoding=\"async\" class=\"alignleft wp-image-210 size-full\" src=\"http:\/\/moserbau.de\/wp-content\/uploads\/2019\/05\/kelle-01.png\" alt=\"\" width=\"70\" height=\"70\">Putzarbeiten<\/h3>\n<p>Diese f\u00fchren wir sowohl innen als auch au\u00dfen kompetent f\u00fcr Sie durch. Unser Hauptaugenmerk liegt sowohl auf Lehm- als auch auf Reinkalkputz.<\/p>\n<p>&nbsp;<\/p>\n<h3><img loading=\"lazy\" decoding=\"async\" class=\"alignleft wp-image-213\" src=\"http:\/\/moserbau.de\/wp-content\/uploads\/2019\/05\/concretemix-01.png\" alt=\"\" width=\"70\" height=\"70\">Flie\u00dfestrich<\/h3>\n<p>Wir verlegen f\u00fcr Sie Anhydrid (CAF) &amp; Zementflie\u00dfestrich.<\/p>\n<p>&nbsp;<\/p>\n<p style=\"text-align: left;\">Wir beraten Sie gerne bei Ihrem Bauvorhaben, bitte <a href=\"http:\/\/moserbau.de\/?page_id=32\">kontaktieren<\/a>&nbsp;Sie uns.<\/p>\n","protected":false},"excerpt":{"rendered":"<p>Rohbau Ein- &amp; Mehrfamilienh\u00e4user, Garagen oder auch andere Bauprojekte f\u00fchren wir nach Ihren individuellen W\u00fcnschen und Bed\u00fcrfnissen durch. &nbsp; Umbau &amp; Sanierung Wir erledigen f\u00fcr Sie kleinere Sch\u00f6nheitsreparaturen, Umbauma\u00dfnahmen bis &#8230;<\/p>\n","protected":false},"author":1,"featured_media":0,"parent":7,"menu_order":0,"comment_status":"closed","ping_status":"closed","template":"template-fullwidth.php","meta":{"footnotes":""},"class_list":["post-30","page","type-page","status-publish","hentry"],"yoast_head":"<!-- This site is optimized with the Yoast SEO plugin v25.3 - https:\/\/yoast.com\/wordpress\/plugins\/seo\/ -->\n<title>MoserBau - 83064 Nickelheim<\/title>\n<meta name=\"description\" content=\"Moser Bau Nicklheim, Baufirma Nicklheim, Maurermeister Nicklheim, Maurer Nicklheim, Anton Moser Rosenheim, Moser Bau, Maurer Rosenheim, Maurermeister Rosenheim, Bauunternehmen Rosenheim, Moser Bauunternehmen Rosenheim, Moser Bauunternehmen, Bauunternehmen Nicklheim, Baufirma Rosenheim, Bau Rosenheim\" \/>\n<meta name=\"robots\" content=\"index, follow, max-snippet:-1, max-image-preview:large, max-video-preview:-1\" \/>\n<link rel=\"canonical\" href=\"http:\/\/moserbau.de\/?page_id=30\" \/>\n<meta property=\"og:locale\" content=\"de_DE\" \/>\n<meta property=\"og:type\" content=\"article\" \/>\n<meta property=\"og:title\" content=\"MoserBau - 83064 Nickelheim\" \/>\n<meta property=\"og:description\" content=\"Moser Bau Nicklheim, Baufirma Nicklheim, Maurermeister Nicklheim, Maurer Nicklheim, Anton Moser Rosenheim, Moser Bau, Maurer Rosenheim, Maurermeister Rosenheim, Bauunternehmen Rosenheim, Moser Bauunternehmen Rosenheim, Moser Bauunternehmen, Bauunternehmen Nicklheim, Baufirma Rosenheim, Bau Rosenheim\" \/>\n<meta property=\"og:url\" content=\"http:\/\/moserbau.de\/?page_id=30\" \/>\n<meta property=\"og:site_name\" content=\"MoserBau - 83064 Nickelheim\" \/>\n<meta property=\"article:modified_time\" content=\"2019-08-26T19:15:27+00:00\" \/>\n<meta property=\"og:image\" content=\"http:\/\/moserbau.de\/wp-content\/uploads\/2019\/05\/bricks-01.png\" \/>\n<meta name=\"twitter:card\" content=\"summary_large_image\" \/>\n<meta name=\"twitter:label1\" content=\"Gesch\u00e4tzte Lesezeit\" \/>\n\t<meta name=\"twitter:data1\" content=\"1\u00a0Minute\" \/>\n<script type=\"application\/ld+json\" class=\"yoast-schema-graph\">{\"@context\":\"https:\/\/schema.org\",\"@graph\":[{\"@type\":\"WebPage\",\"@id\":\"http:\/\/moserbau.de\/?page_id=30\",\"url\":\"http:\/\/moserbau.de\/?page_id=30\",\"name\":\"MoserBau - 83064 Nickelheim\",\"isPartOf\":{\"@id\":\"https:\/\/moserbau.de\/#website\"},\"primaryImageOfPage\":{\"@id\":\"http:\/\/moserbau.de\/?page_id=30#primaryimage\"},\"image\":{\"@id\":\"http:\/\/moserbau.de\/?page_id=30#primaryimage\"},\"thumbnailUrl\":\"http:\/\/moserbau.de\/wp-content\/uploads\/2019\/05\/bricks-01.png\",\"datePublished\":\"2019-05-30T10:56:48+00:00\",\"dateModified\":\"2019-08-26T19:15:27+00:00\",\"description\":\"Moser Bau Nicklheim, Baufirma Nicklheim, Maurermeister Nicklheim, Maurer Nicklheim, Anton Moser Rosenheim, Moser Bau, Maurer Rosenheim, Maurermeister Rosenheim, Bauunternehmen Rosenheim, Moser Bauunternehmen Rosenheim, Moser Bauunternehmen, Bauunternehmen Nicklheim, Baufirma Rosenheim, Bau Rosenheim\",\"breadcrumb\":{\"@id\":\"http:\/\/moserbau.de\/?page_id=30#breadcrumb\"},\"inLanguage\":\"de\",\"potentialAction\":[{\"@type\":\"ReadAction\",\"target\":[\"http:\/\/moserbau.de\/?page_id=30\"]}]},{\"@type\":\"ImageObject\",\"inLanguage\":\"de\",\"@id\":\"http:\/\/moserbau.de\/?page_id=30#primaryimage\",\"url\":\"http:\/\/moserbau.de\/wp-content\/uploads\/2019\/05\/bricks-01.png\",\"contentUrl\":\"http:\/\/moserbau.de\/wp-content\/uploads\/2019\/05\/bricks-01.png\",\"width\":70,\"height\":70},{\"@type\":\"BreadcrumbList\",\"@id\":\"http:\/\/moserbau.de\/?page_id=30#breadcrumb\",\"itemListElement\":[{\"@type\":\"ListItem\",\"position\":1,\"name\":\"Startseite\",\"item\":\"https:\/\/moserbau.de\/\"},{\"@type\":\"ListItem\",\"position\":2,\"name\":\"MoserBau\",\"item\":\"https:\/\/moserbau.de\/\"},{\"@type\":\"ListItem\",\"position\":3,\"name\":\"Leistungen\"}]},{\"@type\":\"WebSite\",\"@id\":\"https:\/\/moserbau.de\/#website\",\"url\":\"https:\/\/moserbau.de\/\",\"name\":\"MoserBau - 83064 Nickelheim\",\"description\":\"Ihr Bauunternehmen f\u00fcr Rosenheim und Umgebung.\",\"publisher\":{\"@id\":\"https:\/\/moserbau.de\/#organization\"},\"potentialAction\":[{\"@type\":\"SearchAction\",\"target\":{\"@type\":\"EntryPoint\",\"urlTemplate\":\"https:\/\/moserbau.de\/?s={search_term_string}\"},\"query-input\":{\"@type\":\"PropertyValueSpecification\",\"valueRequired\":true,\"valueName\":\"search_term_string\"}}],\"inLanguage\":\"de\"},{\"@type\":\"Organization\",\"@id\":\"https:\/\/moserbau.de\/#organization\",\"name\":\"MoserBau\",\"url\":\"https:\/\/moserbau.de\/\",\"logo\":{\"@type\":\"ImageObject\",\"inLanguage\":\"de\",\"@id\":\"https:\/\/moserbau.de\/#\/schema\/logo\/image\/\",\"url\":\"http:\/\/moserbau.de\/wp-content\/uploads\/2019\/05\/cropped-LogoNeu.jpg\",\"contentUrl\":\"http:\/\/moserbau.de\/wp-content\/uploads\/2019\/05\/cropped-LogoNeu.jpg\",\"width\":160,\"height\":36,\"caption\":\"MoserBau\"},\"image\":{\"@id\":\"https:\/\/moserbau.de\/#\/schema\/logo\/image\/\"}}]}<\/script>\n<!-- \/ Yoast SEO plugin. -->","yoast_head_json":{"title":"MoserBau - 83064 Nickelheim","description":"Moser Bau Nicklheim, Baufirma Nicklheim, Maurermeister Nicklheim, Maurer Nicklheim, Anton Moser Rosenheim, Moser Bau, Maurer Rosenheim, Maurermeister Rosenheim, Bauunternehmen Rosenheim, Moser Bauunternehmen Rosenheim, Moser Bauunternehmen, Bauunternehmen Nicklheim, Baufirma Rosenheim, Bau Rosenheim","robots":{"index":"index","follow":"follow","max-snippet":"max-snippet:-1","max-image-preview":"max-image-preview:large","max-video-preview":"max-video-preview:-1"},"canonical":"http:\/\/moserbau.de\/?page_id=30","og_locale":"de_DE","og_type":"article","og_title":"MoserBau - 83064 Nickelheim","og_description":"Moser Bau Nicklheim, Baufirma Nicklheim, Maurermeister Nicklheim, Maurer Nicklheim, Anton Moser Rosenheim, Moser Bau, Maurer Rosenheim, Maurermeister Rosenheim, Bauunternehmen Rosenheim, Moser Bauunternehmen Rosenheim, Moser Bauunternehmen, Bauunternehmen Nicklheim, Baufirma Rosenheim, Bau Rosenheim","og_url":"http:\/\/moserbau.de\/?page_id=30","og_site_name":"MoserBau - 83064 Nickelheim","article_modified_time":"2019-08-26T19:15:27+00:00","og_image":[{"url":"http:\/\/moserbau.de\/wp-content\/uploads\/2019\/05\/bricks-01.png","type":"","width":"","height":""}],"twitter_card":"summary_large_image","twitter_misc":{"Gesch\u00e4tzte Lesezeit":"1\u00a0Minute"},"schema":{"@context":"https:\/\/schema.org","@graph":[{"@type":"WebPage","@id":"http:\/\/moserbau.de\/?page_id=30","url":"http:\/\/moserbau.de\/?page_id=30","name":"MoserBau - 83064 Nickelheim","isPartOf":{"@id":"https:\/\/moserbau.de\/#website"},"primaryImageOfPage":{"@id":"http:\/\/moserbau.de\/?page_id=30#primaryimage"},"image":{"@id":"http:\/\/moserbau.de\/?page_id=30#primaryimage"},"thumbnailUrl":"http:\/\/moserbau.de\/wp-content\/uploads\/2019\/05\/bricks-01.png","datePublished":"2019-05-30T10:56:48+00:00","dateModified":"2019-08-26T19:15:27+00:00","description":"Moser Bau Nicklheim, Baufirma Nicklheim, Maurermeister Nicklheim, Maurer Nicklheim, Anton Moser Rosenheim, Moser Bau, Maurer Rosenheim, Maurermeister Rosenheim, Bauunternehmen Rosenheim, Moser Bauunternehmen Rosenheim, Moser Bauunternehmen, Bauunternehmen Nicklheim, Baufirma Rosenheim, Bau Rosenheim","breadcrumb":{"@id":"http:\/\/moserbau.de\/?page_id=30#breadcrumb"},"inLanguage":"de","potentialAction":[{"@type":"ReadAction","target":["http:\/\/moserbau.de\/?page_id=30"]}]},{"@type":"ImageObject","inLanguage":"de","@id":"http:\/\/moserbau.de\/?page_id=30#primaryimage","url":"http:\/\/moserbau.de\/wp-content\/uploads\/2019\/05\/bricks-01.png","contentUrl":"http:\/\/moserbau.de\/wp-content\/uploads\/2019\/05\/bricks-01.png","width":70,"height":70},{"@type":"BreadcrumbList","@id":"http:\/\/moserbau.de\/?page_id=30#breadcrumb","itemListElement":[{"@type":"ListItem","position":1,"name":"Startseite","item":"https:\/\/moserbau.de\/"},{"@type":"ListItem","position":2,"name":"MoserBau","item":"https:\/\/moserbau.de\/"},{"@type":"ListItem","position":3,"name":"Leistungen"}]},{"@type":"WebSite","@id":"https:\/\/moserbau.de\/#website","url":"https:\/\/moserbau.de\/","name":"MoserBau - 83064 Nickelheim","description":"Ihr Bauunternehmen f\u00fcr Rosenheim und Umgebung.","publisher":{"@id":"https:\/\/moserbau.de\/#organization"},"potentialAction":[{"@type":"SearchAction","target":{"@type":"EntryPoint","urlTemplate":"https:\/\/moserbau.de\/?s={search_term_string}"},"query-input":{"@type":"PropertyValueSpecification","valueRequired":true,"valueName":"search_term_string"}}],"inLanguage":"de"},{"@type":"Organization","@id":"https:\/\/moserbau.de\/#organization","name":"MoserBau","url":"https:\/\/moserbau.de\/","logo":{"@type":"ImageObject","inLanguage":"de","@id":"https:\/\/moserbau.de\/#\/schema\/logo\/image\/","url":"http:\/\/moserbau.de\/wp-content\/uploads\/2019\/05\/cropped-LogoNeu.jpg","contentUrl":"http:\/\/moserbau.de\/wp-content\/uploads\/2019\/05\/cropped-LogoNeu.jpg","width":160,"height":36,"caption":"MoserBau"},"image":{"@id":"https:\/\/moserbau.de\/#\/schema\/logo\/image\/"}}]}},"_links":{"self":[{"href":"http:\/\/moserbau.de\/index.php?rest_route=\/wp\/v2\/pages\/30","targetHints":{"allow":["GET"]}}],"collection":[{"href":"http:\/\/moserbau.de\/index.php?rest_route=\/wp\/v2\/pages"}],"about":[{"href":"http:\/\/moserbau.de\/index.php?rest_route=\/wp\/v2\/types\/page"}],"author":[{"embeddable":true,"href":"http:\/\/moserbau.de\/index.php?rest_route=\/wp\/v2\/users\/1"}],"replies":[{"embeddable":true,"href":"http:\/\/moserbau.de\/index.php?rest_route=%2Fwp%2Fv2%2Fcomments&post=30"}],"version-history":[{"count":6,"href":"http:\/\/moserbau.de\/index.php?rest_route=\/wp\/v2\/pages\/30\/revisions"}],"predecessor-version":[{"id":89,"href":"http:\/\/moserbau.de\/index.php?rest_route=\/wp\/v2\/pages\/30\/revisions\/89"}],"up":[{"embeddable":true,"href":"http:\/\/moserbau.de\/index.php?rest_route=\/wp\/v2\/pages\/7"}],"wp:attachment":[{"href":"http:\/\/moserbau.de\/index.php?rest_route=%2Fwp%2Fv2%2Fmedia&parent=30"}],"curies":[{"name":"wp","href":"https:\/\/api.w.org\/{rel}","templated":true}]}}